{"id":12,"date":"2021-05-03T11:43:51","date_gmt":"2021-05-03T11:43:51","guid":{"rendered":"https:\/\/www.gardaker.hu\/?page_id=12"},"modified":"2021-05-03T11:59:53","modified_gmt":"2021-05-03T11:59:53","slug":"elerhetoseg","status":"publish","type":"page","link":"https:\/\/www.gardaker.hu\/","title":{"rendered":"El\u00e9rhet\u0151s\u00e9g"},"content":{"rendered":"\n<p>Jelenleg csak email tudsz \u00edrni nek\u00fcnk, hamarosan jelentkez\u00fcnk a tov\u00e1bbi el\u00e9rhet\u0151s\u00e9gekkel.<\/p>\n\n\n\n<p>Addig is: <a href=\"mailto:info@gardaker.hu\">info@gardaker.hu<\/a><\/p>\n","protected":false},"excerpt":{"rendered":"<p>Jelenleg csak email tudsz \u00edrni nek\u00fcnk, hamarosan jelentkez\u00fcnk a tov\u00e1bbi el\u00e9rhet\u0151s\u00e9gekkel. Addig is: info@gardaker.hu<\/p>\n","protected":false},"author":1,"featured_media":0,"parent":0,"menu_order":0,"comment_status":"closed","ping_status":"closed","template":"","meta":{"footnotes":""},"class_list":["post-12","page","type-page","status-publish","hentry","entry"],"_links":{"self":[{"href":"https:\/\/www.gardaker.hu\/index.php?rest_route=\/wp\/v2\/pages\/12","targetHints":{"allow":["GET"]}}],"collection":[{"href":"https:\/\/www.gardaker.hu\/index.php?rest_route=\/wp\/v2\/pages"}],"about":[{"href":"https:\/\/www.gardaker.hu\/index.php?rest_route=\/wp\/v2\/types\/page"}],"author":[{"embeddable":true,"href":"https:\/\/www.gardaker.hu\/index.php?rest_route=\/wp\/v2\/users\/1"}],"replies":[{"embeddable":true,"href":"https:\/\/www.gardaker.hu\/index.php?rest_route=%2Fwp%2Fv2%2Fcomments&post=12"}],"version-history":[{"count":2,"href":"https:\/\/www.gardaker.hu\/index.php?rest_route=\/wp\/v2\/pages\/12\/revisions"}],"predecessor-version":[{"id":30,"href":"https:\/\/www.gardaker.hu\/index.php?rest_route=\/wp\/v2\/pages\/12\/revisions\/30"}],"wp:attachment":[{"href":"https:\/\/www.gardaker.hu\/index.php?rest_route=%2Fwp%2Fv2%2Fmedia&parent=12"}],"curies":[{"name":"wp","href":"https:\/\/api.w.org\/{rel}","templated":true}]}}